{"id":6686,"date":"2023-12-06T12:55:54","date_gmt":"2023-12-06T11:55:54","guid":{"rendered":"https:\/\/smc-journal.ch\/?page_id=6686"},"modified":"2023-12-18T16:58:30","modified_gmt":"2023-12-18T15:58:30","slug":"impressum","status":"publish","type":"page","link":"https:\/\/smc-news.ch\/de\/impressum\/","title":{"rendered":"Impressum"},"content":{"rendered":"<p>[et_pb_section fb_built=&#8220;1&#8243; _builder_version=&#8220;4.23.1&#8243; _module_preset=&#8220;default&#8220; global_colors_info=&#8220;{}&#8220;][et_pb_row column_structure=&#8220;3_5,2_5&#8243; _builder_version=&#8220;4.23.1&#8243; _module_preset=&#8220;default&#8220; global_colors_info=&#8220;{}&#8220;][et_pb_column type=&#8220;3_5&#8243; _builder_version=&#8220;4.23.1&#8243; _module_preset=&#8220;default&#8220; global_colors_info=&#8220;{}&#8220;][et_pb_text _builder_version=&#8220;4.23.1&#8243; _module_preset=&#8220;default&#8220; global_colors_info=&#8220;{}&#8220;]<\/p>\n<h1>Impressum<\/h1>\n<p>[\/et_pb_text][\/et_pb_column][et_pb_column type=&#8220;2_5&#8243; _builder_version=&#8220;4.23.1&#8243; _module_preset=&#8220;default&#8220; global_colors_info=&#8220;{}&#8220;][\/et_pb_column][\/et_pb_row][\/et_pb_section][et_pb_section fb_built=&#8220;1&#8243; _builder_version=&#8220;4.23.1&#8243; _module_preset=&#8220;default&#8220; global_colors_info=&#8220;{}&#8220;][et_pb_row column_structure=&#8220;1_2,1_2&#8243; _builder_version=&#8220;4.23.1&#8243; _module_preset=&#8220;default&#8220; global_colors_info=&#8220;{}&#8220;][et_pb_column type=&#8220;1_2&#8243; _builder_version=&#8220;4.23.1&#8243; _module_preset=&#8220;default&#8220; global_colors_info=&#8220;{}&#8220;][et_pb_text _builder_version=&#8220;4.23.1&#8243; _module_preset=&#8220;default&#8220; global_colors_info=&#8220;{}&#8220;]<\/p>\n<div id=\"c11647\" class=\"csc-default ce-shortcut\">\n<div id=\"c10218\" class=\"csc-default ce-text\">\n<h3 class=\"csc-firstHeader\">Websitebetreiber<\/h3>\n<p class=\"bodytext\">Verein Swiss Memory Clinics<strong><br \/><\/strong>Kehlhofh\u00f6he 1b\u00a0<br \/>CH-6043 Adligenswil<br \/><a>info@swissmemoryclinics.ch<\/a><\/p>\n<\/div>\n<\/div>\n<p>[\/et_pb_text][\/et_pb_column][et_pb_column type=&#8220;1_2&#8243; _builder_version=&#8220;4.23.1&#8243; _module_preset=&#8220;default&#8220; global_colors_info=&#8220;{}&#8220;][\/et_pb_column][\/et_pb_row][et_pb_row column_structure=&#8220;1_2,1_2&#8243; _builder_version=&#8220;4.23.1&#8243; _module_preset=&#8220;default&#8220; global_colors_info=&#8220;{}&#8220;][et_pb_column type=&#8220;1_2&#8243; _builder_version=&#8220;4.23.1&#8243; _module_preset=&#8220;default&#8220; global_colors_info=&#8220;{}&#8220;][et_pb_text _builder_version=&#8220;4.23.1&#8243; _module_preset=&#8220;default&#8220; global_colors_info=&#8220;{}&#8220;]<\/p>\n<div id=\"c11645\" class=\"csc-default ce-text\">\n<div class=\"csc-header csc-header-n3\">\n<h3>Urheberrechte<\/h3>\n<\/div>\n<p class=\"bodytext\">Die Urheberrechte sowie alle weiteren Rechte an Inhalten, Bildern, Videos oder anderen Dateien auf dieser Website geh\u00f6ren \u2013 soweit nicht anders vermerkt \u2013 dem Domaininhaber. Die Verwendung oder Verbreitung jeglicher Elemente ist nur mit vorheriger schriftlicher Zustimmung erlaubt.<\/p>\n<\/div>\n<p>[\/et_pb_text][et_pb_text _builder_version=&#8220;4.23.1&#8243; _module_preset=&#8220;default&#8220; global_colors_info=&#8220;{}&#8220;]<\/p>\n<div id=\"c11645\" class=\"csc-default ce-text\">\n<div class=\"csc-header csc-header-n3\"><\/div>\n<p class=\"bodytext\">\n<\/div>\n<h3>Bildquellen<\/h3>\n<p><a href=\"https:\/\/www.freepik.com\/free-vector\/404-error-with-people-holding-numbers-concept-illustration_20602743.htm#query=404%20red&amp;position=28&amp;from_view=search&amp;track=ais&amp;uuid=39d3829f-3a1a-4205-a80f-04bf896fce1a\" target=\"_blank\" rel=\"noopener\">Image by storyset<\/a> on Freepik<br \/><a href=\"https:\/\/www.freepik.com\/free-vector\/newsletter-illustration-concept_6193739.htm#query=subscribe&amp;position=37&amp;from_view=search&amp;track=sph&amp;uuid=dc1ca0c5-c055-4640-b17e-0c572734a5af\" target=\"_blank\" rel=\"noopener\">Image by storyset<\/a> on Freepik<br \/><a href=\"https:\/\/www.freepik.com\/free-vector\/email-campaign-concept-illustration_7367537.htm#from_view=detail_alsolike\" target=\"_blank\" rel=\"noopener\">Image by storyset<\/a> on Freepik<br \/>Eigene Bilder<\/p>\n<p>[\/et_pb_text][\/et_pb_column][et_pb_column type=&#8220;1_2&#8243; _builder_version=&#8220;4.23.1&#8243; _module_preset=&#8220;default&#8220; global_colors_info=&#8220;{}&#8220;][et_pb_text _builder_version=&#8220;4.23.1&#8243; _module_preset=&#8220;default&#8220; global_colors_info=&#8220;{}&#8220;]<\/p>\n<div id=\"c11652\" class=\"csc-default ce-text\">\n<div class=\"csc-header csc-header-n4\">\n<h3><\/h3>\n<h3><\/h3>\n<h3>Haftungsausschluss<\/h3>\n<\/div>\n<p class=\"bodytext\">\n<p>Der Autor \u00fcbernimmt keine Gew\u00e4hr f\u00fcr die Richtigkeit, Genauigkeit, Aktualit\u00e4t, Zuverl\u00e4ssigkeit und Vollst\u00e4ndigkeit der Informationen.<br \/>Haftungsanspr\u00fcche gegen den Autor wegen Sch\u00e4den materieller oder immaterieller Art, die aus dem Zugriff oder der Nutzung bzw. Nichtnutzung der ver\u00f6ffentlichten Informationen, durch Missbrauch der Verbindung oder durch technische St\u00f6rungen entstanden sind, werden ausgeschlossen.<\/p>\n<p>Alle Angebote sind freibleibend. Der Autor beh\u00e4lt es sich ausdr\u00fccklich vor, Teile der Seiten oder das gesamte Angebot ohne gesonderte Ank\u00fcndigung zu ver\u00e4ndern, zu erg\u00e4nzen, zu l\u00f6schen oder die Ver\u00f6ffentlichung zeitweise oder endg\u00fcltig einzustellen.<\/p>\n<p>Verweise und Links auf Webseiten Dritter liegen ausserhalb des Verantwortungsbereichs des Domaininhabers. Der Zugriff und die Nutzung erfolgen auf eigene Gefahr.<\/p>\n<\/div>\n<p>[\/et_pb_text][\/et_pb_column][\/et_pb_row][et_pb_row _builder_version=&#8220;4.23.1&#8243; _module_preset=&#8220;default&#8220; module_class=&#8220;hideWhenLangDE&#8220; hover_enabled=&#8220;0&#8243; sticky_enabled=&#8220;0&#8243;][et_pb_column _builder_version=&#8220;4.23.1&#8243; _module_preset=&#8220;default&#8220; type=&#8220;4_4&#8243;][et_pb_text _builder_version=&#8220;4.23.1&#8243; _module_preset=&#8220;default&#8220; hover_enabled=&#8220;0&#8243; sticky_enabled=&#8220;0&#8243; module_class=&#8220;bc-simple-tag&#8220; text_font=&#8220;||||||||&#8220;]<\/p>\n<p>\u00dcbersetzt mit DeepL Pro<\/p>\n<p>[\/et_pb_text][\/et_pb_column][\/et_pb_row][\/et_pb_section]<\/p>\n","protected":false},"excerpt":{"rendered":"<p>Impressum Websitebetreiber Verein Swiss Memory ClinicsKehlhofh\u00f6he 1b\u00a0CH-6043 Adligenswilinfo@swissmemoryclinics.ch Urheberrechte Die Urheberrechte sowie alle weiteren Rechte an Inhalten, Bildern, Videos oder anderen Dateien auf dieser Website geh\u00f6ren \u2013 soweit nicht anders vermerkt \u2013 dem Domaininhaber. Die Verwendung oder Verbreitung jeglicher Elemente ist nur mit vorheriger schriftlicher Zustimmung erlaubt. Bildquellen Image by storyset on FreepikImage by storyset [&hellip;]<\/p>\n","protected":false},"author":1,"featured_media":0,"parent":0,"menu_order":0,"comment_status":"closed","ping_status":"closed","template":"","meta":{"_et_pb_use_builder":"on","_et_pb_old_content":"","_et_gb_content_width":"","footnotes":""},"class_list":["post-6686","page","type-page","status-publish","hentry"],"_links":{"self":[{"href":"https:\/\/smc-news.ch\/de\/wp-json\/wp\/v2\/pages\/6686","targetHints":{"allow":["GET"]}}],"collection":[{"href":"https:\/\/smc-news.ch\/de\/wp-json\/wp\/v2\/pages"}],"about":[{"href":"https:\/\/smc-news.ch\/de\/wp-json\/wp\/v2\/types\/page"}],"author":[{"embeddable":true,"href":"https:\/\/smc-news.ch\/de\/wp-json\/wp\/v2\/users\/1"}],"replies":[{"embeddable":true,"href":"https:\/\/smc-news.ch\/de\/wp-json\/wp\/v2\/comments?post=6686"}],"version-history":[{"count":9,"href":"https:\/\/smc-news.ch\/de\/wp-json\/wp\/v2\/pages\/6686\/revisions"}],"predecessor-version":[{"id":7248,"href":"https:\/\/smc-news.ch\/de\/wp-json\/wp\/v2\/pages\/6686\/revisions\/7248"}],"wp:attachment":[{"href":"https:\/\/smc-news.ch\/de\/wp-json\/wp\/v2\/media?parent=6686"}],"curies":[{"name":"wp","href":"https:\/\/api.w.org\/{rel}","templated":true}]}}