{"id":6696,"date":"2023-12-06T12:55:54","date_gmt":"2023-12-06T11:55:54","guid":{"rendered":"https:\/\/smc-news.ch\/nota-legale\/"},"modified":"2023-12-18T17:00:00","modified_gmt":"2023-12-18T16:00:00","slug":"nota-legale","status":"publish","type":"page","link":"https:\/\/smc-news.ch\/it\/nota-legale\/","title":{"rendered":"Impronta"},"content":{"rendered":"<p>[et_pb_section fb_built=&#8221;1&#8243; _builder_version=&#8221;4.23.1&#8243; _module_preset=&#8221;default&#8221; global_colors_info=&#8221;{}&#8221;][et_pb_row column_structure=&#8221;3_5,2_5&#8243; _builder_version=&#8221;4.23.1&#8243; _module_preset=&#8221;default&#8221; global_colors_info=&#8221;{}&#8221;][et_pb_column type=&#8221;3_5&#8243; _builder_version=&#8221;4.23.1&#8243; _module_preset=&#8221;default&#8221; global_colors_info=&#8221;{}&#8221;][et_pb_text _builder_version=&#8221;4.23.1&#8243; _module_preset=&#8221;default&#8221; global_colors_info=&#8221;{}&#8221;]<\/p>\n<h1>Impronta<\/h1>\n<p>[\/et_pb_text][\/et_pb_column][et_pb_column type=&#8221;2_5&#8243; _builder_version=&#8221;4.23.1&#8243; _module_preset=&#8221;default&#8221; global_colors_info=&#8221;{}&#8221;][\/et_pb_column][\/et_pb_row][\/et_pb_section][et_pb_section fb_built=&#8221;1&#8243; _builder_version=&#8221;4.23.1&#8243; _module_preset=&#8221;default&#8221; global_colors_info=&#8221;{}&#8221;][et_pb_row column_structure=&#8221;1_2,1_2&#8243; _builder_version=&#8221;4.23.1&#8243; _module_preset=&#8221;default&#8221; global_colors_info=&#8221;{}&#8221;][et_pb_column type=&#8221;1_2&#8243; _builder_version=&#8221;4.23.1&#8243; _module_preset=&#8221;default&#8221; global_colors_info=&#8221;{}&#8221;][et_pb_text _builder_version=&#8221;4.23.1&#8243; _module_preset=&#8221;default&#8221; global_colors_info=&#8221;{}&#8221;]<\/p>\n<div id=\"c11647\" class=\"csc-default ce-shortcut\">\n<div id=\"c10218\" class=\"csc-default ce-text\">\n<h3 class=\"csc-firstHeader\">Operatore del sito web<\/h3>\n<p class=\"bodytext\">Associazione SMC<strong><br \/><\/strong>Kehlhofh\u00f6he 1b <br \/>CH-6043 Adligenswil<br \/><a>info@swissmemoryclinics.ch<\/a><\/p>\n<\/div>\n<\/div>\n<p>[\/et_pb_text][\/et_pb_column][et_pb_column type=&#8221;1_2&#8243; _builder_version=&#8221;4.23.1&#8243; _module_preset=&#8221;default&#8221; global_colors_info=&#8221;{}&#8221;][\/et_pb_column][\/et_pb_row][et_pb_row column_structure=&#8221;1_2,1_2&#8243; _builder_version=&#8221;4.23.1&#8243; _module_preset=&#8221;default&#8221; global_colors_info=&#8221;{}&#8221;][et_pb_column type=&#8221;1_2&#8243; _builder_version=&#8221;4.23.1&#8243; _module_preset=&#8221;default&#8221; global_colors_info=&#8221;{}&#8221;][et_pb_text _builder_version=&#8221;4.23.1&#8243; _module_preset=&#8221;default&#8221; global_colors_info=&#8221;{}&#8221;]<\/p>\n<div id=\"c11645\" class=\"csc-default ce-text\">\n<div class=\"csc-header csc-header-n3\">\n<h3>Diritti d&#8217;autore<\/h3>\n<\/div>\n<p class=\"bodytext\">I diritti d&#8217;autore e tutti gli altri diritti su contenuti, immagini, video o altri file presenti su questo sito web appartengono &#8211; se non diversamente specificato &#8211; al proprietario del dominio. L&#8217;uso o la distribuzione di qualsiasi elemento \u00e8 consentito solo previo consenso scritto. <\/p>\n<\/div>\n<p>[\/et_pb_text][et_pb_text _builder_version=&#8221;4.23.1&#8243; _module_preset=&#8221;default&#8221; global_colors_info=&#8221;{}&#8221;]<\/p>\n<div id=\"c11645\" class=\"csc-default ce-text\">\n<div class=\"csc-header csc-header-n3\"><\/div>\n<p class=\"bodytext\">\n<\/div>\n<h3>Fonti dell&#8217;immagine<\/h3>\n<p><a href=\"https:\/\/www.freepik.com\/free-vector\/404-error-with-people-holding-numbers-concept-illustration_20602743.htm#query=404%20red&amp;position=28&amp;from_view=search&amp;track=ais&amp;uuid=39d3829f-3a1a-4205-a80f-04bf896fce1a\" target=\"_blank\" rel=\"noopener\">Image by storyset<\/a> on Freepik<br \/><a href=\"https:\/\/www.freepik.com\/free-vector\/newsletter-illustration-concept_6193739.htm#query=subscribe&amp;position=37&amp;from_view=search&amp;track=sph&amp;uuid=dc1ca0c5-c055-4640-b17e-0c572734a5af\" target=\"_blank\" rel=\"noopener\">Image by storyset<\/a> on Freepik<br \/><a href=\"https:\/\/www.freepik.com\/free-vector\/email-campaign-concept-illustration_7367537.htm#from_view=detail_alsolike\" target=\"_blank\" rel=\"noopener\">Image by storyset<\/a> on Freepik<br \/>Immagini proprie<\/p>\n<p>[\/et_pb_text][\/et_pb_column][et_pb_column type=&#8221;1_2&#8243; _builder_version=&#8221;4.23.1&#8243; _module_preset=&#8221;default&#8221; global_colors_info=&#8221;{}&#8221;][et_pb_text _builder_version=&#8221;4.23.1&#8243; _module_preset=&#8221;default&#8221; global_colors_info=&#8221;{}&#8221;]<\/p>\n<div id=\"c11652\" class=\"csc-default ce-text\">\n<div class=\"csc-header csc-header-n4\">\n<h3><\/h3>\n<h3><\/h3>\n<h3>Dichiarazione di non responsabilit\u00e0<\/h3>\n<\/div>\n<p class=\"bodytext\">\n<p>L&#8217;autore non si assume alcuna responsabilit\u00e0 per la correttezza, l&#8217;accuratezza, l&#8217;attualit\u00e0, l&#8217;affidabilit\u00e0 e la completezza delle informazioni.<br \/>Sono escluse le richieste di responsabilit\u00e0 nei confronti dell&#8217;autore per danni di natura materiale o immateriale derivanti dall&#8217;accesso, dall&#8217;uso o dal mancato uso delle informazioni pubblicate, dall&#8217;uso improprio della connessione o da guasti tecnici.<\/p>\n<p>Tutte le offerte sono soggette a modifiche. L&#8217;autore si riserva espressamente il diritto di modificare, integrare o cancellare parti delle pagine o l&#8217;intera offerta senza preavviso o di interrompere temporaneamente o definitivamente la pubblicazione. <\/p>\n<p>I riferimenti e i link a siti web di terzi non rientrano nell&#8217;ambito di responsabilit\u00e0 del proprietario del dominio. L&#8217;accesso e l&#8217;utilizzo sono a rischio dell&#8217;utente. <\/p>\n<\/div>\n<p>[\/et_pb_text][\/et_pb_column][\/et_pb_row][et_pb_row _builder_version=&#8221;4.23.1&#8243; _module_preset=&#8221;default&#8221; module_class=&#8221;hideWhenLangDE&#8221; hover_enabled=&#8221;0&#8243; sticky_enabled=&#8221;0&#8243;][et_pb_column _builder_version=&#8221;4.23.1&#8243; _module_preset=&#8221;default&#8221; type=&#8221;4_4&#8243;][et_pb_text _builder_version=&#8221;4.23.1&#8243; _module_preset=&#8221;default&#8221; hover_enabled=&#8221;0&#8243; sticky_enabled=&#8221;0&#8243; module_class=&#8221;bc-simple-tag&#8221; text_font=&#8221;||||||||&#8221;]<\/p>\n<p>Tradotto con DeepL Pro<\/p>\n<p>[\/et_pb_text][\/et_pb_column][\/et_pb_row][\/et_pb_section]<\/p>\n","protected":false},"excerpt":{"rendered":"<p>Impronta Operatore del sito web Associazione SMCKehlhofh\u00f6he 1b CH-6043 Adligenswilinfo@swissmemoryclinics.ch Diritti d&#8217;autore I diritti d&#8217;autore e tutti gli altri diritti su contenuti, immagini, video o altri file presenti su questo sito web appartengono &#8211; se non diversamente specificato &#8211; al proprietario del dominio. L&#8217;uso o la distribuzione di qualsiasi elemento \u00e8 consentito solo previo consenso [&hellip;]<\/p>\n","protected":false},"author":1,"featured_media":0,"parent":0,"menu_order":0,"comment_status":"closed","ping_status":"closed","template":"","meta":{"_et_pb_use_builder":"on","_et_pb_old_content":"","_et_gb_content_width":"","footnotes":""},"class_list":["post-6696","page","type-page","status-publish","hentry"],"_links":{"self":[{"href":"https:\/\/smc-news.ch\/it\/wp-json\/wp\/v2\/pages\/6696","targetHints":{"allow":["GET"]}}],"collection":[{"href":"https:\/\/smc-news.ch\/it\/wp-json\/wp\/v2\/pages"}],"about":[{"href":"https:\/\/smc-news.ch\/it\/wp-json\/wp\/v2\/types\/page"}],"author":[{"embeddable":true,"href":"https:\/\/smc-news.ch\/it\/wp-json\/wp\/v2\/users\/1"}],"replies":[{"embeddable":true,"href":"https:\/\/smc-news.ch\/it\/wp-json\/wp\/v2\/comments?post=6696"}],"version-history":[{"count":5,"href":"https:\/\/smc-news.ch\/it\/wp-json\/wp\/v2\/pages\/6696\/revisions"}],"predecessor-version":[{"id":7162,"href":"https:\/\/smc-news.ch\/it\/wp-json\/wp\/v2\/pages\/6696\/revisions\/7162"}],"wp:attachment":[{"href":"https:\/\/smc-news.ch\/it\/wp-json\/wp\/v2\/media?parent=6696"}],"curies":[{"name":"wp","href":"https:\/\/api.w.org\/{rel}","templated":true}]}}